{"id":137,"date":"2017-01-17T21:36:12","date_gmt":"2017-01-17T20:36:12","guid":{"rendered":"http:\/\/aulaszu.sk\/?page_id=137"},"modified":"2017-01-17T21:41:35","modified_gmt":"2017-01-17T20:41:35","slug":"ubytovanie","status":"publish","type":"page","link":"https:\/\/aulaszu.sk\/?page_id=137","title":{"rendered":"Ubytovanie"},"content":{"rendered":"<p>Ubytovanie pre 26 os\u00f4b je mo\u017en\u00e9 v dvojl\u00f4\u017ekov\u00fdch a trojl\u00f4\u017ekov\u00fdch izb\u00e1ch, ktor\u00e9 s\u00fa vybaven\u00e9 vlastn\u00fdm soci\u00e1lnym zariaden\u00edm, kuchynkou, chladni\u010dkou, LCD telev\u00edzorom a pripojen\u00edm k internetu.<\/p>\n<p>S\u00fa\u010das\u0165ou ubytovania je dvojizbov\u00fd apartm\u00e1n pre 4 osoby.<\/p>\n<p>Cel\u00fd polyfunk\u010dn\u00fd objekt m\u00e1 bezbari\u00e9rov\u00fd pr\u00edstup.<\/p>\n","protected":false},"excerpt":{"rendered":"<p>Ubytovanie pre 26 os\u00f4b je mo\u017en\u00e9 v dvojl\u00f4\u017ekov\u00fdch a trojl\u00f4\u017ekov\u00fdch izb\u00e1ch, ktor\u00e9 s\u00fa vybaven\u00e9 vlastn\u00fdm soci\u00e1lnym zariaden\u00edm, kuchynkou, chladni\u010dkou, LCD telev\u00edzorom a pripojen\u00edm k internetu. S\u00fa\u010das\u0165ou ubytovania je dvojizbov\u00fd apartm\u00e1n pre 4 osoby. Cel\u00fd polyfunk\u010dn\u00fd objekt m\u00e1 bezbari\u00e9rov\u00fd pr\u00edstup.<\/p>\n","protected":false},"author":1,"featured_media":0,"parent":0,"menu_order":0,"comment_status":"closed","ping_status":"closed","template":"","meta":{"footnotes":""},"_links":{"self":[{"href":"https:\/\/aulaszu.sk\/index.php?rest_route=\/wp\/v2\/pages\/137"}],"collection":[{"href":"https:\/\/aulaszu.sk\/index.php?rest_route=\/wp\/v2\/pages"}],"about":[{"href":"https:\/\/aulaszu.sk\/index.php?rest_route=\/wp\/v2\/types\/page"}],"author":[{"embeddable":true,"href":"https:\/\/aulaszu.sk\/index.php?rest_route=\/wp\/v2\/users\/1"}],"replies":[{"embeddable":true,"href":"https:\/\/aulaszu.sk\/index.php?rest_route=%2Fwp%2Fv2%2Fcomments&post=137"}],"version-history":[{"count":2,"href":"https:\/\/aulaszu.sk\/index.php?rest_route=\/wp\/v2\/pages\/137\/revisions"}],"predecessor-version":[{"id":144,"href":"https:\/\/aulaszu.sk\/index.php?rest_route=\/wp\/v2\/pages\/137\/revisions\/144"}],"wp:attachment":[{"href":"https:\/\/aulaszu.sk\/index.php?rest_route=%2Fwp%2Fv2%2Fmedia&parent=137"}],"curies":[{"name":"wp","href":"https:\/\/api.w.org\/{rel}","templated":true}]}}